{"id":873,"date":"2025-10-17T11:48:14","date_gmt":"2025-10-17T11:48:14","guid":{"rendered":"https:\/\/www.eikholt.no\/?page_id=873"},"modified":"2025-10-17T12:08:32","modified_gmt":"2025-10-17T12:08:32","slug":"karriar-hos-eikholt","status":"publish","type":"page","link":"https:\/\/www.eikholt.no\/sv\/karriar-hos-eikholt\/","title":{"rendered":"Karri\u00e4r"},"content":{"rendered":"<h2 class=\"wp-block-heading\"><strong>L\u00e4r k\u00e4nna n\u00e5gra av v\u00e5ra medarbetare<\/strong>till<\/h2>\n\n\n\n<p>S\u00f6ker du jobb hos oss eller undrar du hur det \u00e4r att jobba p\u00e5 Eikholt? Vi har gett ordet till n\u00e5gra av v\u00e5ra medarbetare som ber\u00e4ttar om varf\u00f6r de valde Eikholt och om sin arbetsdag.<\/p>\n\n\n\n<h2 class=\"wp-block-heading\">Jolanta<\/h2>\n\n\n\n<h4 class=\"wp-block-heading\">Kock<\/h4>\n\n\n\n<figure class=\"wp-block-image size-large\"><img loading=\"lazy\" decoding=\"async\" width=\"1024\" height=\"719\" src=\"https:\/\/www.eikholt.no\/app\/uploads\/2025\/10\/Jolanta-karriereside-1024x719.jpg\" alt=\"\" class=\"wp-image-5281\" srcset=\"https:\/\/www.eikholt.no\/app\/uploads\/2025\/10\/Jolanta-karriereside-1024x719.jpg 1024w, https:\/\/www.eikholt.no\/app\/uploads\/2025\/10\/Jolanta-karriereside-300x211.jpg 300w, https:\/\/www.eikholt.no\/app\/uploads\/2025\/10\/Jolanta-karriereside-768x539.jpg 768w, https:\/\/www.eikholt.no\/app\/uploads\/2025\/10\/Jolanta-karriereside-1536x1078.jpg 1536w, https:\/\/www.eikholt.no\/app\/uploads\/2025\/10\/Jolanta-karriereside-2048x1437.jpg 2048w, https:\/\/www.eikholt.no\/app\/uploads\/2025\/10\/Jolanta-karriereside-18x12.jpg 18w\" sizes=\"auto, (max-width: 1024px) 100vw, 1024px\" \/><\/figure>\n\n\n\n<p>Jag b\u00f6rjade min tj\u00e4nst p\u00e5 Eikholt i januari 2025. Jag har ett yrkescertifikat som kock fr\u00e5n Polen, d\u00e4r jag ocks\u00e5 har min bakgrund. Efter 16 \u00e5r inom dagissektorn, d\u00e4r jag med engagemang och omsorg tillagade och serverade m\u00e5ltider till barn, fanns det en \u00f6nskan om nya utmaningar och en f\u00f6r\u00e4ndring i arbetsmilj\u00f6n.<\/p>\n\n\n\n<p>Med ett starkt engagemang f\u00f6r m\u00e4nniskor och en genuin omtanke om andra ville jag anv\u00e4nda mina kunskaper och erfarenheter p\u00e5 ett nytt s\u00e4tt - med en annan anv\u00e4ndargrupp.<\/p>\n\n\n\n<p>N\u00e4r jag l\u00e4rde k\u00e4nna Eikholt ins\u00e5g jag direkt att det h\u00e4r var en plats d\u00e4r jag skulle kunna trivas. H\u00e4r f\u00e5r jag m\u00f6jlighet att m\u00f6ta m\u00e4nniskor med respekt, omtanke och ett \u00f6ppet sinne. V\u00e4rderingar som ligger mig varmt om hj\u00e4rtat.<\/p>\n\n\n\n<p>Jag beskrivs ofta som en person med ett gott sinne f\u00f6r humor, ett smittande skratt och f\u00f6rm\u00e5gan att skapa en positiv och inkluderande atmosf\u00e4r. P\u00e5 Eikholt f\u00e5r jag m\u00f6jlighet att kombinera min omtanke om andra med min passion f\u00f6r matlagning - vilket ger mig stor arbetsgl\u00e4dje.<\/p>\n\n\n\n<p>Jag vill att g\u00e4sterna p\u00e5 Eikholt ska m\u00e5 bra av att vara h\u00e4r, genom doften av hemlagade r\u00e4tter och smaken av nybakade varor. Gjorda med k\u00e4rlek och omsorg.<\/p>\n\n\n\n<p>\u00c4ven om jag inte har hunnit tr\u00e4ffa alla g\u00e4ster \u00e4nnu s\u00e5 ser jag verkligen fram emot att l\u00e4ra k\u00e4nna fler av dem och jag ser fram emot m\u00e5nga trevliga m\u00f6ten fram\u00f6ver.<\/p>\n\n\n\n<h3 class=\"wp-block-heading\"><strong>Anne-May<\/strong><\/h3>\n\n\n\n<h4 class=\"wp-block-heading\"><strong>Audiograf<\/strong><\/h4>\n\n\n\n<figure class=\"wp-block-image size-full\"><img loading=\"lazy\" decoding=\"async\" width=\"894\" height=\"893\" src=\"https:\/\/www.eikholt.no\/app\/uploads\/2023\/06\/Anne-May-audiograf-forbereder-arbeid-pa-kontoret.jpg\" alt=\"\" class=\"wp-image-959\" srcset=\"https:\/\/www.eikholt.no\/app\/uploads\/2023\/06\/Anne-May-audiograf-forbereder-arbeid-pa-kontoret.jpg 894w, https:\/\/www.eikholt.no\/app\/uploads\/2023\/06\/Anne-May-audiograf-forbereder-arbeid-pa-kontoret-300x300.jpg 300w, https:\/\/www.eikholt.no\/app\/uploads\/2023\/06\/Anne-May-audiograf-forbereder-arbeid-pa-kontoret-150x150.jpg 150w, https:\/\/www.eikholt.no\/app\/uploads\/2023\/06\/Anne-May-audiograf-forbereder-arbeid-pa-kontoret-768x767.jpg 768w, https:\/\/www.eikholt.no\/app\/uploads\/2023\/06\/Anne-May-audiograf-forbereder-arbeid-pa-kontoret-24x24.jpg 24w, https:\/\/www.eikholt.no\/app\/uploads\/2023\/06\/Anne-May-audiograf-forbereder-arbeid-pa-kontoret-48x48.jpg 48w, https:\/\/www.eikholt.no\/app\/uploads\/2023\/06\/Anne-May-audiograf-forbereder-arbeid-pa-kontoret-96x96.jpg 96w\" sizes=\"auto, (max-width: 894px) 100vw, 894px\" \/><\/figure>\n\n\n\n<p>Under mitt sista \u00e5r p\u00e5 audiografutbildningen hade jag praktik p\u00e5 Eikholt. N\u00e4r jag fick ett jobberbjudande som nyutexaminerad audionom packade jag v\u00e4skorna och flyttade till Drammen. Att arbeta som r\u00e5dgivare p\u00e5 Eikholt \u00e4r otroligt omv\u00e4xlande och sp\u00e4nnande. Arbetsmilj\u00f6n pr\u00e4glas av duktiga och engagerade m\u00e4nniskor som brinner f\u00f6r sina \u00e4mnen.&nbsp;<\/p>\n\n\n\n<p>\"Det b\u00e4sta med mitt jobb \u00e4r alla fantastiska anv\u00e4ndare som jag tr\u00e4ffar. N\u00e4r jag anordnar h\u00f6rselkurser har jag m\u00f6jlighet att tillbringa mycket tid tillsammans med brukarna, ibland flera dagar. Med s\u00e5 mycket tid \u00f6ver kan man g\u00f6ra allt det man annars inte hinner med och prova saker i praktiken som man bara l\u00e4st om i litteraturen.&nbsp;<\/p>\n\n\n\n<p>Kurserna p\u00e5 Eikholt \u00e4r ofta tv\u00e4rvetenskapliga och genomf\u00f6rs tillsammans med v\u00e4gledare inom andra omr\u00e5den. Att samarbeta kring kurser p\u00e5 det h\u00e4r s\u00e4ttet inneb\u00e4r att jag l\u00e4r mig mycket om syn, r\u00f6rlighet, IKT, punktskrift och allt m\u00f6jligt annat som jag inte visste n\u00e5got om innan jag b\u00f6rjade arbeta p\u00e5 Eikholt. Det g\u00e5r inte att komma ifr\u00e5n att jobbet inneb\u00e4r mycket pappersarbete och planering, men det \u00e4r ganska fantastiskt att kunna f\u00f6lja en brukare fr\u00e5n den f\u00f6rsta f\u00f6rfr\u00e5gan, till kurser p\u00e5 Eikholt och sedan lokalt st\u00f6d efter att brukaren har \u00e5kt hem.&nbsp;<\/p>\n\n\n\n<p>\u00c4ven om jag \u00e4r audionom och fr\u00e4mst arbetar med h\u00f6rsel och h\u00f6rselkurser har jag stora m\u00f6jligheter att p\u00e5verka min egen arbetsdag. Det p\u00e5g\u00e5r alltid n\u00e5gon form av forsknings- och innovationsprojekt och som medarbetare \u00e4r man ofta involverad. Man kan ocks\u00e5 initiera egna projekt. Jag har till exempel \u00e4gnat mycket tid \u00e5t att l\u00e4sa p\u00e5 om genetik och nu l\u00e4r jag mig om 3D-printing. I mitt jobb reser jag runt och f\u00f6rel\u00e4ser om Eikholt, d\u00f6vblindhet och h\u00f6rsel. Det tycker jag \u00e4r v\u00e4ldigt roligt och bidrar till en mycket varierad arbetsdag. &nbsp;<\/p>\n\n\n\n<h3 class=\"wp-block-heading\"><strong>H\u00e5kon<\/strong><\/h3>\n\n\n\n<h4 class=\"wp-block-heading\"><strong>Drift av byggnader<\/strong><\/h4>\n\n\n\n<figure class=\"wp-block-image size-large\"><img loading=\"lazy\" decoding=\"async\" width=\"1024\" height=\"613\" src=\"https:\/\/www.eikholt.no\/app\/uploads\/2025\/02\/Ansatte-i-aktivitet-drift-Hakon-pa-plenklipper-bag-RKH-1024x613.jpg\" alt=\"Vaktm\u00e4staren sitter p\u00e5 en gr\u00e4sklippartraktor. Gr\u00e4s och buskar v\u00e4xer runt omkring.\" class=\"wp-image-4272\" srcset=\"https:\/\/www.eikholt.no\/app\/uploads\/2025\/02\/Ansatte-i-aktivitet-drift-Hakon-pa-plenklipper-bag-RKH-1024x613.jpg 1024w, https:\/\/www.eikholt.no\/app\/uploads\/2025\/02\/Ansatte-i-aktivitet-drift-Hakon-pa-plenklipper-bag-RKH-300x180.jpg 300w, https:\/\/www.eikholt.no\/app\/uploads\/2025\/02\/Ansatte-i-aktivitet-drift-Hakon-pa-plenklipper-bag-RKH-768x460.jpg 768w, https:\/\/www.eikholt.no\/app\/uploads\/2025\/02\/Ansatte-i-aktivitet-drift-Hakon-pa-plenklipper-bag-RKH-1536x920.jpg 1536w, https:\/\/www.eikholt.no\/app\/uploads\/2025\/02\/Ansatte-i-aktivitet-drift-Hakon-pa-plenklipper-bag-RKH-2048x1226.jpg 2048w\" sizes=\"auto, (max-width: 1024px) 100vw, 1024px\" \/><\/figure>\n\n\n\n<p>Som byggnadsoperat\u00f6r p\u00e5 Eikholt \u00e4r mitt jobb att se till att byggnader och anl\u00e4ggningar \u00e4r i toppskick. Det handlar om allt fr\u00e5n underh\u00e5ll av byggnader, tekniska installationer och utomhusomr\u00e5den till allt fr\u00e5n daglig tillsyn och reparationer till planering och genomf\u00f6rande av st\u00f6rre underh\u00e5llsprojekt.<\/p>\n\n\n\n<p>En typisk dag kan inneb\u00e4ra att kontrollera och underh\u00e5lla v\u00e4rme- och ventilationssystem, utf\u00f6ra mindre reparationer p\u00e5 byggnader och utrustning samt se till att utomhusomr\u00e5den \u00e4r s\u00e4kra och v\u00e4l underh\u00e5llna. Som fastighetssk\u00f6tare m\u00e5ste jag ocks\u00e5 kunna hantera akuta problem som kan uppst\u00e5, till exempel vattenl\u00e4ckor eller elfel.<\/p>\n\n\n\n<p>F\u00f6rutom tekniska f\u00e4rdigheter \u00e4r det viktigt att ha god kommunikationsf\u00f6rm\u00e5ga och f\u00f6rm\u00e5ga att arbeta i team. I det dagliga arbetet samarbetar jag med all personal p\u00e5 Eikholt f\u00f6r att se till att behoven tillgodoses, och jag m\u00e5ste kunna kommunicera v\u00e4l med b\u00e5de kollegor och bes\u00f6kare. Ett \"hej\" och en snabb pratstund betyder mycket, s\u00e4rskilt om det \u00e4r f\u00f6rsta g\u00e5ngen n\u00e5gon kommer till Eikholt. Jag tycker om jobbet eftersom det \u00e4r omv\u00e4xlande och kr\u00e4ver en kombination av teknisk kunskap, praktiska f\u00e4rdigheter och f\u00f6rm\u00e5ga att arbeta bra i grupp.<\/p>\n\n\n\n<p><\/p>","protected":false},"excerpt":{"rendered":"<p>Bli kjent med noen av v\u00e5re ansatte Skal du s\u00f8ke jobb hos oss, eller lurer du p\u00e5 hvordan det er \u00e5 jobbe p\u00e5 Eikholt? Vi har gitt ordet til noen av v\u00e5re ansatte, som forteller hvorfor de valgte Eikholt og om deres arbeidshverdag. Jolanta Kokk Jeg begynte i stillingen ved Eikholt i januar 2025. Jeg<\/p>","protected":false},"author":2,"featured_media":4248,"parent":0,"menu_order":0,"comment_status":"closed","ping_status":"closed","template":"","meta":{"_acf_changed":false,"inline_featured_image":false,"ep_exclude_from_search":false,"footnotes":""},"class_list":["post-873","page","type-page","status-publish","has-post-thumbnail","hentry"],"acf":[],"yoast_head":"<!-- This site is optimized with the Yoast SEO plugin v25.8 - https:\/\/yoast.com\/wordpress\/plugins\/seo\/ -->\n<title>Karriere - Eikholt<\/title>\n<meta name=\"description\" content=\"Her finner du ledige stillinger og kan lese om hvordan det er \u00e5 jobbe hos ved Eikholt. Du er ogs\u00e5 hjertelig velkommen til \u00e5 kontakte oss for en prat.\" \/>\n<meta name=\"robots\" content=\"index, follow, max-snippet:-1, max-image-preview:large, max-video-preview:-1\" \/>\n<link rel=\"canonical\" href=\"https:\/\/www.eikholt.no\/sv\/karriar-hos-eikholt\/\" \/>\n<meta property=\"og:locale\" content=\"sv_SE\" \/>\n<meta property=\"og:type\" content=\"article\" \/>\n<meta property=\"og:title\" content=\"Karriere - Eikholt\" \/>\n<meta property=\"og:description\" content=\"Her finner du ledige stillinger og kan lese om hvordan det er \u00e5 jobbe hos ved Eikholt. Du er ogs\u00e5 hjertelig velkommen til \u00e5 kontakte oss for en prat.\" \/>\n<meta property=\"og:url\" content=\"https:\/\/www.eikholt.no\/sv\/karriar-hos-eikholt\/\" \/>\n<meta property=\"og:site_name\" content=\"Eikholt\" \/>\n<meta property=\"article:publisher\" content=\"https:\/\/www.facebook.com\/eikholt.kompetansesenter\" \/>\n<meta property=\"article:modified_time\" content=\"2025-10-17T12:08:32+00:00\" \/>\n<meta property=\"og:image\" content=\"https:\/\/www.eikholt.no\/app\/uploads\/2025\/02\/Ansatte-i-aktivitet-Fag-Veronica-og-Tanja-bla-rom-2-scaled.jpg\" \/>\n\t<meta property=\"og:image:width\" content=\"2560\" \/>\n\t<meta property=\"og:image:height\" content=\"1712\" \/>\n\t<meta property=\"og:image:type\" content=\"image\/jpeg\" \/>\n<meta name=\"twitter:card\" content=\"summary_large_image\" \/>\n<meta name=\"twitter:label1\" content=\"Est. reading time\" \/>\n\t<meta name=\"twitter:data1\" content=\"5 minutes\" \/>\n<script type=\"application\/ld+json\" class=\"yoast-schema-graph\">{\"@context\":\"https:\/\/schema.org\",\"@graph\":[{\"@type\":\"WebPage\",\"@id\":\"https:\/\/www.eikholt.no\/karriere-ved-eikholt\/\",\"url\":\"https:\/\/www.eikholt.no\/karriere-ved-eikholt\/\",\"name\":\"Karriere - Eikholt\",\"isPartOf\":{\"@id\":\"https:\/\/www.eikholt.no\/#website\"},\"primaryImageOfPage\":{\"@id\":\"https:\/\/www.eikholt.no\/karriere-ved-eikholt\/#primaryimage\"},\"image\":{\"@id\":\"https:\/\/www.eikholt.no\/karriere-ved-eikholt\/#primaryimage\"},\"thumbnailUrl\":\"https:\/\/www.eikholt.no\/app\/uploads\/2025\/02\/Ansatte-i-aktivitet-Fag-Veronica-og-Tanja-bla-rom-2-scaled.jpg\",\"datePublished\":\"2025-10-17T11:48:14+00:00\",\"dateModified\":\"2025-10-17T12:08:32+00:00\",\"description\":\"Her finner du ledige stillinger og kan lese om hvordan det er \u00e5 jobbe hos ved Eikholt. Du er ogs\u00e5 hjertelig velkommen til \u00e5 kontakte oss for en prat.\",\"breadcrumb\":{\"@id\":\"https:\/\/www.eikholt.no\/karriere-ved-eikholt\/#breadcrumb\"},\"inLanguage\":\"sv-SE\",\"potentialAction\":[{\"@type\":\"ReadAction\",\"target\":[\"https:\/\/www.eikholt.no\/karriere-ved-eikholt\/\"]}]},{\"@type\":\"ImageObject\",\"inLanguage\":\"sv-SE\",\"@id\":\"https:\/\/www.eikholt.no\/karriere-ved-eikholt\/#primaryimage\",\"url\":\"https:\/\/www.eikholt.no\/app\/uploads\/2025\/02\/Ansatte-i-aktivitet-Fag-Veronica-og-Tanja-bla-rom-2-scaled.jpg\",\"contentUrl\":\"https:\/\/www.eikholt.no\/app\/uploads\/2025\/02\/Ansatte-i-aktivitet-Fag-Veronica-og-Tanja-bla-rom-2-scaled.jpg\",\"width\":2560,\"height\":1712,\"caption\":\"To personer sitter ved et bord. En har en PC foran seg, den andre en kaffekopp. De smiler\"},{\"@type\":\"BreadcrumbList\",\"@id\":\"https:\/\/www.eikholt.no\/karriere-ved-eikholt\/#breadcrumb\",\"itemListElement\":[{\"@type\":\"ListItem\",\"position\":1,\"name\":\"Forside\",\"item\":\"https:\/\/www.eikholt.no\/\"},{\"@type\":\"ListItem\",\"position\":2,\"name\":\"Karriere\"}]},{\"@type\":\"WebSite\",\"@id\":\"https:\/\/www.eikholt.no\/#website\",\"url\":\"https:\/\/www.eikholt.no\/\",\"name\":\"Eikholt\",\"description\":\"\",\"publisher\":{\"@id\":\"https:\/\/www.eikholt.no\/#organization\"},\"potentialAction\":[{\"@type\":\"SearchAction\",\"target\":{\"@type\":\"EntryPoint\",\"urlTemplate\":\"https:\/\/www.eikholt.no\/?s={search_term_string}\"},\"query-input\":{\"@type\":\"PropertyValueSpecification\",\"valueRequired\":true,\"valueName\":\"search_term_string\"}}],\"inLanguage\":\"sv-SE\"},{\"@type\":\"Organization\",\"@id\":\"https:\/\/www.eikholt.no\/#organization\",\"name\":\"Eikholt\",\"url\":\"https:\/\/www.eikholt.no\/\",\"logo\":{\"@type\":\"ImageObject\",\"inLanguage\":\"sv-SE\",\"@id\":\"https:\/\/www.eikholt.no\/#\/schema\/logo\/image\/\",\"url\":\"https:\/\/www.eikholt.no\/app\/uploads\/2024\/04\/cropped-Logo-Eikholt-ny.jpg\",\"contentUrl\":\"https:\/\/www.eikholt.no\/app\/uploads\/2024\/04\/cropped-Logo-Eikholt-ny.jpg\",\"width\":419,\"height\":209,\"caption\":\"Eikholt\"},\"image\":{\"@id\":\"https:\/\/www.eikholt.no\/#\/schema\/logo\/image\/\"},\"sameAs\":[\"https:\/\/www.facebook.com\/eikholt.kompetansesenter\"]}]}<\/script>\n<!-- \/ Yoast SEO plugin. -->","yoast_head_json":{"title":"Karri\u00e4r - Eikholt","description":"H\u00e4r kan du hitta lediga tj\u00e4nster och l\u00e4sa om hur det \u00e4r att arbeta p\u00e5 Eikholt. Du \u00e4r ocks\u00e5 varmt v\u00e4lkommen att kontakta oss f\u00f6r en pratstund.","robots":{"index":"index","follow":"follow","max-snippet":"max-snippet:-1","max-image-preview":"max-image-preview:large","max-video-preview":"max-video-preview:-1"},"canonical":"https:\/\/www.eikholt.no\/sv\/karriar-hos-eikholt\/","og_locale":"sv_SE","og_type":"article","og_title":"Karriere - Eikholt","og_description":"Her finner du ledige stillinger og kan lese om hvordan det er \u00e5 jobbe hos ved Eikholt. Du er ogs\u00e5 hjertelig velkommen til \u00e5 kontakte oss for en prat.","og_url":"https:\/\/www.eikholt.no\/sv\/karriar-hos-eikholt\/","og_site_name":"Eikholt","article_publisher":"https:\/\/www.facebook.com\/eikholt.kompetansesenter","article_modified_time":"2025-10-17T12:08:32+00:00","og_image":[{"width":2560,"height":1712,"url":"https:\/\/www.eikholt.no\/app\/uploads\/2025\/02\/Ansatte-i-aktivitet-Fag-Veronica-og-Tanja-bla-rom-2-scaled.jpg","type":"image\/jpeg"}],"twitter_card":"summary_large_image","twitter_misc":{"Est. reading time":"5 minutes"},"schema":{"@context":"https:\/\/schema.org","@graph":[{"@type":"WebPage","@id":"https:\/\/www.eikholt.no\/karriere-ved-eikholt\/","url":"https:\/\/www.eikholt.no\/karriere-ved-eikholt\/","name":"Karri\u00e4r - Eikholt","isPartOf":{"@id":"https:\/\/www.eikholt.no\/#website"},"primaryImageOfPage":{"@id":"https:\/\/www.eikholt.no\/karriere-ved-eikholt\/#primaryimage"},"image":{"@id":"https:\/\/www.eikholt.no\/karriere-ved-eikholt\/#primaryimage"},"thumbnailUrl":"https:\/\/www.eikholt.no\/app\/uploads\/2025\/02\/Ansatte-i-aktivitet-Fag-Veronica-og-Tanja-bla-rom-2-scaled.jpg","datePublished":"2025-10-17T11:48:14+00:00","dateModified":"2025-10-17T12:08:32+00:00","description":"H\u00e4r kan du hitta lediga tj\u00e4nster och l\u00e4sa om hur det \u00e4r att arbeta p\u00e5 Eikholt. Du \u00e4r ocks\u00e5 varmt v\u00e4lkommen att kontakta oss f\u00f6r en pratstund.","breadcrumb":{"@id":"https:\/\/www.eikholt.no\/karriere-ved-eikholt\/#breadcrumb"},"inLanguage":"sv-SE","potentialAction":[{"@type":"ReadAction","target":["https:\/\/www.eikholt.no\/karriere-ved-eikholt\/"]}]},{"@type":"ImageObject","inLanguage":"sv-SE","@id":"https:\/\/www.eikholt.no\/karriere-ved-eikholt\/#primaryimage","url":"https:\/\/www.eikholt.no\/app\/uploads\/2025\/02\/Ansatte-i-aktivitet-Fag-Veronica-og-Tanja-bla-rom-2-scaled.jpg","contentUrl":"https:\/\/www.eikholt.no\/app\/uploads\/2025\/02\/Ansatte-i-aktivitet-Fag-Veronica-og-Tanja-bla-rom-2-scaled.jpg","width":2560,"height":1712,"caption":"To personer sitter ved et bord. En har en PC foran seg, den andre en kaffekopp. De smiler"},{"@type":"BreadcrumbList","@id":"https:\/\/www.eikholt.no\/karriere-ved-eikholt\/#breadcrumb","itemListElement":[{"@type":"ListItem","position":1,"name":"Forside","item":"https:\/\/www.eikholt.no\/"},{"@type":"ListItem","position":2,"name":"Karriere"}]},{"@type":"WebSite","@id":"https:\/\/www.eikholt.no\/#website","url":"https:\/\/www.eikholt.no\/","name":"Eikholt","description":"","publisher":{"@id":"https:\/\/www.eikholt.no\/#organization"},"potentialAction":[{"@type":"SearchAction","target":{"@type":"EntryPoint","urlTemplate":"https:\/\/www.eikholt.no\/?s={search_term_string}"},"query-input":{"@type":"PropertyValueSpecification","valueRequired":true,"valueName":"search_term_string"}}],"inLanguage":"sv-SE"},{"@type":"Organization","@id":"https:\/\/www.eikholt.no\/#organization","name":"Eikholt","url":"https:\/\/www.eikholt.no\/","logo":{"@type":"ImageObject","inLanguage":"sv-SE","@id":"https:\/\/www.eikholt.no\/#\/schema\/logo\/image\/","url":"https:\/\/www.eikholt.no\/app\/uploads\/2024\/04\/cropped-Logo-Eikholt-ny.jpg","contentUrl":"https:\/\/www.eikholt.no\/app\/uploads\/2024\/04\/cropped-Logo-Eikholt-ny.jpg","width":419,"height":209,"caption":"Eikholt"},"image":{"@id":"https:\/\/www.eikholt.no\/#\/schema\/logo\/image\/"},"sameAs":["https:\/\/www.facebook.com\/eikholt.kompetansesenter"]}]}},"_links":{"self":[{"href":"https:\/\/www.eikholt.no\/sv\/wp-json\/wp\/v2\/pages\/873","targetHints":{"allow":["GET"]}}],"collection":[{"href":"https:\/\/www.eikholt.no\/sv\/wp-json\/wp\/v2\/pages"}],"about":[{"href":"https:\/\/www.eikholt.no\/sv\/wp-json\/wp\/v2\/types\/page"}],"author":[{"embeddable":true,"href":"https:\/\/www.eikholt.no\/sv\/wp-json\/wp\/v2\/users\/2"}],"replies":[{"embeddable":true,"href":"https:\/\/www.eikholt.no\/sv\/wp-json\/wp\/v2\/comments?post=873"}],"version-history":[{"count":82,"href":"https:\/\/www.eikholt.no\/sv\/wp-json\/wp\/v2\/pages\/873\/revisions"}],"predecessor-version":[{"id":5289,"href":"https:\/\/www.eikholt.no\/sv\/wp-json\/wp\/v2\/pages\/873\/revisions\/5289"}],"wp:featuredmedia":[{"embeddable":true,"href":"https:\/\/www.eikholt.no\/sv\/wp-json\/wp\/v2\/media\/4248"}],"wp:attachment":[{"href":"https:\/\/www.eikholt.no\/sv\/wp-json\/wp\/v2\/media?parent=873"}],"curies":[{"name":"wp","href":"https:\/\/api.w.org\/{rel}","templated":true}]}}